{"id":109,"date":"2020-12-20T19:01:30","date_gmt":"2020-12-20T18:01:30","guid":{"rendered":"https:\/\/mprv.de\/?page_id=109"},"modified":"2020-12-20T19:11:24","modified_gmt":"2020-12-20T18:11:24","slug":"mprv-shop","status":"publish","type":"page","link":"https:\/\/mprv.de\/?page_id=109","title":{"rendered":"MPRV-Shop"},"content":{"rendered":"\n<figure class=\"wp-block-gallery columns-1 is-cropped wp-block-gallery-1 is-layout-flex wp-block-gallery-is-layout-flex\"><ul class=\"blocks-gallery-grid\"><li class=\"blocks-gallery-item\"><figure><img loading=\"lazy\" decoding=\"async\" width=\"160\" height=\"160\" src=\"https:\/\/mprv.de\/wp-content\/uploads\/2020\/12\/9d90b719a6-1.jpg\" alt=\"\" data-id=\"111\" data-full-url=\"https:\/\/mprv.de\/wp-content\/uploads\/2020\/12\/9d90b719a6-1.jpg\" data-link=\"https:\/\/mprv.de\/?attachment_id=111\" class=\"wp-image-111\" srcset=\"https:\/\/mprv.de\/wp-content\/uploads\/2020\/12\/9d90b719a6-1.jpg 160w, https:\/\/mprv.de\/wp-content\/uploads\/2020\/12\/9d90b719a6-1-150x150.jpg 150w\" sizes=\"auto, (max-width: 160px) 100vw, 160px\" \/><\/figure><\/li><\/ul><\/figure>\n\n\n\n<h3 class=\"wp-block-heading\">Hier kommt der Mops &#8211; Die DVD<\/h3>\n\n\n\n<p>Er ist da, der erste MPRV Film &#8222;Hier kommt der Mops&#8220;<br>Ab sofort hier auf DVD erh\u00e4ltlich!!!<br>Produzent: ICOPA IT-SERVICE &amp; MPRV<br>Format: PAL, Sourround Sound<br>Bildseitenformat: 4:3<br>Sprache: Deutsch<br>Spieldauer: 60 Minuten<br>Erscheinungsdatum: 01.09.2007<\/p>\n\n\n\n<h3 class=\"wp-block-heading\">Die DVD kostet 20,00 Euro incl. Versand.<\/h3>\n\n\n\n<hr class=\"wp-block-separator\"\/>\n\n\n\n<figure class=\"wp-block-gallery columns-1 is-cropped wp-block-gallery-2 is-layout-flex wp-block-gallery-is-layout-flex\"><ul class=\"blocks-gallery-grid\"><li class=\"blocks-gallery-item\"><figure><img loading=\"lazy\" decoding=\"async\" width=\"160\" height=\"114\" src=\"https:\/\/mprv.de\/wp-content\/uploads\/2020\/12\/0fd5f69373-1.jpg\" alt=\"\" data-id=\"116\" data-full-url=\"https:\/\/mprv.de\/wp-content\/uploads\/2020\/12\/0fd5f69373-1.jpg\" data-link=\"https:\/\/mprv.de\/?attachment_id=116\" class=\"wp-image-116\"\/><\/figure><\/li><\/ul><\/figure>\n\n\n\n<h3 class=\"wp-block-heading\">Der MPRV-Kalender 2013<\/h3>\n\n\n\n<p>Der Kalender f\u00fcr das Jahr 2013 kann ab sofort Ihr Wohnzimmer schm\u00fccken. Verw\u00f6hnen Sie sich Monat f\u00fcr Monat mit zauberhaften Bildern.<\/p>\n\n\n\n<p>Jedes Blatt ist einzeln umschlagbar und so geht Ihnen kein Bild verloren.<br>Vielleicht ist genau Ihr Hund abgebildet.<br>Der Kalender ist handgearbeitet und einzigartig!<\/p>\n\n\n\n<h3 class=\"wp-block-heading\">Der Kalender kostet 11,00 Euro incl. Versand.<\/h3>\n\n\n\n<p>Ansonsten schicken Sie uns Ihre sch\u00f6nsten Fotos f\u00fcr den Kalender des Jahres 2015 an folgende Email-Adresse: <a href=\"javascript:linkTo_UnCryptMailto('ocknvq,varq51ocknvq,kphqBortx0fg');\">info@mprv.de<\/a><\/p>\n\n\n\n<hr class=\"wp-block-separator\"\/>\n\n\n\n<figure class=\"wp-block-gallery columns-1 is-cropped wp-block-gallery-3 is-layout-flex wp-block-gallery-is-layout-flex\"><ul class=\"blocks-gallery-grid\"><li class=\"blocks-gallery-item\"><figure><img loading=\"lazy\" decoding=\"async\" width=\"160\" height=\"114\" src=\"https:\/\/mprv.de\/wp-content\/uploads\/2020\/12\/7509dde513.jpg\" alt=\"\" data-id=\"117\" data-full-url=\"https:\/\/mprv.de\/wp-content\/uploads\/2020\/12\/7509dde513.jpg\" data-link=\"https:\/\/mprv.de\/?attachment_id=117\" class=\"wp-image-117\"\/><\/figure><\/li><\/ul><\/figure>\n\n\n\n<h3 class=\"wp-block-heading\">Der MPRV-Kalender 2014<\/h3>\n\n\n\n<p>Der Kalender f\u00fcr das Jahr 2014 kann ab sofort Ihr Wohnzimmer schm\u00fccken. Verw\u00f6hnen Sie sich Monat f\u00fcr Monat mit zauberhaften Bildern.<\/p>\n\n\n\n<p>Jedes Blatt ist einzeln umschlagbar und so geht Ihnen kein Bild verloren.<br>Vielleicht ist genau Ihr Hund abgebildet.<br>Der Kalender ist handgearbeitet und einzigartig!<\/p>\n\n\n\n<h3 class=\"wp-block-heading\">Der Kalender kostet 11,00 Euro incl. Versand.<\/h3>\n\n\n\n<p>Ansonsten schicken Sie uns Ihre sch\u00f6nsten Fotos f\u00fcr den Kalender des Jahres 2015 an folgende Email-Adresse: <a href=\"javascript:linkTo_UnCryptMailto('ocknvq,varq51ocknvq,kphqBortx0fg');\">info@mprv.de<\/a><\/p>\n\n\n\n<hr class=\"wp-block-separator\"\/>\n\n\n\n<figure class=\"wp-block-image size-large\"><img loading=\"lazy\" decoding=\"async\" width=\"160\" height=\"128\" src=\"https:\/\/mprv.de\/wp-content\/uploads\/2020\/12\/352ac68aa1.jpg\" alt=\"\" class=\"wp-image-118\"\/><\/figure>\n\n\n\n<h3 class=\"wp-block-heading\">Planet Mops &#8211; Die CD<\/h3>\n\n\n\n<p>Die erste und weltweit einzige Mops-CD gibt es ab sofort nur im MPRV<br>Alle Beteiligten waren ehrenamtlich t\u00e4tig, der Reinerl\u00f6s wird f\u00fcr einen &#8222;Tierisch guten Zweck&#8220; gespendet. Dorthin, wo die Not eines Hundes am gr\u00f6\u00dften ist.<br>Wollen auch Sie helfen einen tierischen Freund aus einem erb\u00e4rmlichen Lebensumstand zu retten, erstehen Sie diese CD.<br><a href=\"https:\/\/web.archive.org\/web\/20131112152626\/http:\/\/www.mprv.de\/fileadmin\/templates\/data\/hoerprobe_planet_mops.wma\" target=\"_blank\" rel=\"noreferrer noopener\">H\u00f6rprobe<\/a><\/p>\n\n\n\n<h3 class=\"wp-block-heading\">Die CD kostet 6,00 Euro incl. Versand<\/h3>\n\n\n\n<p><\/p>\n\n\n\n<p><strong>Bitte beachten Sie das wir nur Vorkasse akzeptieren.<\/strong><em>Spendenkonto<\/em><br>Volksbank Bad Oeynhausen<br>Kto. Nr.: 190 148 7 500<br>Blz.: 494 900 70<br><strong>Nach dem Zahlungseingang werden wir die Artikel umgehend versenden.<\/strong><\/p>\n","protected":false},"excerpt":{"rendered":"<p>Hier kommt der Mops &#8211; Die DVD Er ist da, der erste MPRV Film &#8222;Hier kommt der Mops&#8220;Ab sofort hier auf DVD erh\u00e4ltlich!!!Produzent: ICOPA IT-SERVICE &amp; MPRVFormat: PAL, Sourround SoundBildseitenformat: 4:3Sprache: DeutschSpieldauer: 60 MinutenErscheinungsdatum: 01.09.2007 Die DVD kostet 20,00 Euro incl. Versand. Der MPRV-Kalender 2013 Der Kalender f\u00fcr das Jahr 2013 kann ab sofort Ihr [&hellip;]<\/p>\n","protected":false},"author":1,"featured_media":0,"parent":0,"menu_order":0,"comment_status":"closed","ping_status":"closed","template":"","meta":{"footnotes":""},"class_list":["post-109","page","type-page","status-publish","hentry"],"_links":{"self":[{"href":"https:\/\/mprv.de\/index.php?rest_route=\/wp\/v2\/pages\/109","targetHints":{"allow":["GET"]}}],"collection":[{"href":"https:\/\/mprv.de\/index.php?rest_route=\/wp\/v2\/pages"}],"about":[{"href":"https:\/\/mprv.de\/index.php?rest_route=\/wp\/v2\/types\/page"}],"author":[{"embeddable":true,"href":"https:\/\/mprv.de\/index.php?rest_route=\/wp\/v2\/users\/1"}],"replies":[{"embeddable":true,"href":"https:\/\/mprv.de\/index.php?rest_route=%2Fwp%2Fv2%2Fcomments&post=109"}],"version-history":[{"count":5,"href":"https:\/\/mprv.de\/index.php?rest_route=\/wp\/v2\/pages\/109\/revisions"}],"predecessor-version":[{"id":122,"href":"https:\/\/mprv.de\/index.php?rest_route=\/wp\/v2\/pages\/109\/revisions\/122"}],"wp:attachment":[{"href":"https:\/\/mprv.de\/index.php?rest_route=%2Fwp%2Fv2%2Fmedia&parent=109"}],"curies":[{"name":"wp","href":"https:\/\/api.w.org\/{rel}","templated":true}]}}