{"id":126,"date":"2020-12-20T19:18:17","date_gmt":"2020-12-20T18:18:17","guid":{"rendered":"https:\/\/mprv.de\/?page_id=126"},"modified":"2020-12-20T19:19:16","modified_gmt":"2020-12-20T18:19:16","slug":"aktuelles","status":"publish","type":"page","link":"https:\/\/mprv.de\/?page_id=126","title":{"rendered":"Aktuelles"},"content":{"rendered":"\n<h2 class=\"wp-block-heading\">Die aktuelles Nachrichten vom M.P.R.V. e. V.<\/h2>\n\n\n\n<p><strong>Mittwoch, den 03. September 2008<\/strong><br>An diesem Tag sind wir Live in der Sendung &#8222;Daheim und unterwegs&#8220; mit unserem M\u00f6psen im WDR zu sehen.<\/p>\n\n\n\n<p><strong>Montag, den 03. September 2007<br><\/strong><em>Nach monatelangen Dreharbeiten ist es endlich soweit!!!<\/em> Die erste<em>MPRV DVD &#8222;Hier kommt der Mops&#8220;<\/em> ist fertig und ab sofort unter&nbsp;<em>&#8222;MPRV-Shop&#8220;<\/em> zu finden.<\/p>\n\n\n\n<p><strong>Dienstag, den 06. M\u00e4rz 2007<br><\/strong><em>Endlich ist sie da!!!<\/em> Die CD&nbsp;<em>&#8222;Planet Mops&#8220;<\/em> von den&nbsp;<em>&#8222;MPRV all Stars&#8220;<\/em>. Diese ist unter der Rubrik <em>&#8222;MPRV-Shop&#8220;<\/em> zu finden.<\/p>\n\n\n\n<p><strong>Freitag, den 16. Juni 2006<\/strong><br><em>Comeback der rennenden Knautschzone<\/em><br>Von Stefan Osterhaus<br><br>Noch vor ein paar Jahren galten sie als der Inbegriff des Spiessb\u00fcrgertums: M\u00f6pse. Jetzt ist der flachnasige Schosshund wieder da, ein echter Society-Profi mit vielen guten Eigenschaften. Die machen ihn zum idealen Accessoire des B\u00fcrgers von heute.<br><br>Wer in diesen Tagen durch die Innenst\u00e4dte von Hamburg, Berlin und M\u00fcnchen spaziert und seinen Blick dabei mal auf das Pflaster richtet, der wird dieser Knautschzone von einem Gesicht nicht entkommen k\u00f6nnen. Immer wieder begegnet einem diese Fresse, die mit Walter Matthau verwandt zu sein scheint und doch ein Hund ist. Ein possierliches Tierchen wird an seiner Leine gezogen. Manchmal eilt es seinen Inhabern auch voraus, schn\u00fcffelnd, hoppelnd, die Zunge heraush\u00e4ngend. Ein wenig gequ\u00e4lt und mal gehetzt wirkt er, dieser drollige Vertreter aus dem Land des Hechelns.<br><br>Der Mops ist wieder da. Lange war er verschwunden, verschollen hinter Omas Sofakissen, allenfalls besungen im Evergreen vom Mops, der in die K\u00fcche kam und dem Koch ein Ei stahl, weswegen ihn dieser entzwei schlug. Der Mops ist eben kein Dobermann, was erfreulich ist, dann nach einer schier endlosen Welle von Pitbulls und Rottweilern bahnt sich ein h\u00f6chst vertr?gliches Revival seinen Weg.<br><br>Denn der Mops hat viele Freunde. Doch nicht der nette Rentner von nebenan f\u00e4hrt den vertr\u00e4glichen Vierbeiner allmorgendlich aus, nein, er, der Mops, sitzt gern neben dem Latte-trinkenden Herrchen im beigefarbenen Jackett, gern f\u00e4hrt er auch ein Frauchen im Kleidchen mit sich. Und galt ehedem die Regel, dass Herr und Hund sich einander \u00e4hneln wie ein Ei dem anderen, so setzt der Mops diese Konvention l\u00e4ssig ausser Kraft.<br><br>Konversation ist garantiert (&#8222;Ach wie s\u00fcss und sch\u00f6n und sowieso&#8220;), Kinder lieben die einzigartige Visage \u00fcber alles, was prompt erwidert wird, denn der Mops ist ein echter Society-Profi, der sich auf jedem Parkett mit der Nonchalance des wahren Souver\u00e4ns bewegt. Vorbei die Zeiten, als Loriot noch beklagen durfte, dass das &#8222;gesellschaftliche Leben am Mops vorbeigeht&#8220;; nein, der Mops ist auch auf Vernissagen ein gerngesehener Gast. Die drolligen Kerlchen sind en vogue und werden bestens umsorgt.<br><br><strong><em>&#8222;Der weckt Todkranke auf&#8220;<\/em><\/strong><br><br>Erinnern wir uns: Jede Mode verlangt nach ihrem Hund. Ehedem war der Scotchterrier von der Whiskyflasche ein unverzichtbares Stilmittel der urbanen Auskenner. Aus dem Terrierstamm folgten noch Westhighland und Jack-Russell, temperamentvolle Wesen, die ihre Betriebstemperaturen auf den B\u00fcrgersteigen von Berlin-Mitte und dem Hamburger Schanzenviertel erst gar nicht erreichen konnten und so durch allerlei Hemmnisse t\u00fcchtig durchneurotisiert wurden. Und w\u00fcrden sie \u00fcber \u00e4hnlich kraftvolles Kauwerkzeug verf\u00fcgen wie Kampfhunde, w\u00e4ren sie nicht als nervige T\u00f6len in Verruf geraten.<br><br>Der Mops hat es besser. Er steht erst gar nicht im Verdacht, ein ordentlicher Beisser zu sein. Und er hat prominente F\u00fcrsprecher. Wer Loriot auf seiner Seite weiss, hat schon halb gewonnen, die modische Absolution erteilen Valentino (f\u00fcnf M\u00f6pse) und Jette Joop (zwei M\u00f6pse). Sein Wiederauftauchen nach Jahrzehnten in der Mottenkiste scheint auch dem Masterplan Hollywoods zu folgen. Vor ein paar Jahren kontrastierte das beigefarbene Fell eines Mopses den schwarzen Anzug von Will Smith in &#8222;Men in Black&#8220; &#8211; Agent Frank hiess der kleine Kerl, der Smith und Co. im Krieg gegen die Aliens erheiterte. Nichts anderes entspricht seinem Wesen, wie Liesa Wilms vom Z\u00fcchterverband f\u00fcr M\u00f6pse und Pekinesen (MPRV) erkl\u00e4rt: &#8222;Der Mops f\u00fcllt seine Welt mit Narretei, Fr\u00f6hlichkeit und Freundlichkeit. Der kennt keinen Argwohn. Der weckt Todkranke auf.&#8220;<br><br>Das hat sich herumgesprochen. So sagt Wilms, dass sich die Anzahl der abgegebenen Welpen innerhalb der letzten zwei Jahre verdoppelt habe. Rund die H\u00e4lfte der deutschen Mopsz\u00fcchter ist im MPRV organisiert, 200 Welpen pro Jahr wurden zuletzt von den 50 Z\u00fcchtern vergeben. Obschon die Nachfrage gross ist, setzt man nicht auf Massenzucht. Geht es nach Wilms und den Z\u00fcchterkollegen, wird der Mops sukzessive etwas von seiner Nase zur\u00fcckerhalten, die er noch in den dreissiger Jahren als &#8222;altdeutscher Mops&#8220; besass. Denn die extrem flache Schnauze, sagt Wilms, &#8222;ist f\u00fcr viele gesundheitliche Probleme der Hunde&#8220; verantwortlich. Der Verband, der nur noch Langnasen-M\u00f6pse z\u00fcchtet, spricht von Qualzucht, die gesetzeswidrig ist. Doch leider sagt Wilms, &#8222;findet sich kein Kl\u00e4ger.&#8220; Und um den Gang durch alle Instanzen zu bestreiten, fehle es an Geld.<br><br><strong><em>&#8222;Er schnarcht<\/em>&#8222;<\/strong><br><br>J\u00fcngst erst sprach sich der S\u00e4nger, TV-Moderator und Mops-Besitzer Lukas Hilbert f\u00fcr das Ansinnen des MPRV aus. Sein Hund Rolex musste operiert werden, weil ihm wegen der Kurznasigkeit der Erstickungstod drohte. Solche Details sind vielen Mopsbesitzern unbekannt. Nur wenige kennen die Geschichte ihres Hundes, die in China vor mehr als 2000 Jahren ihren Anfang nahm.<br><br>Das Comeback ist allemal beachtlich f\u00fcr einen Hund, der fr\u00fcher einmal als Inbegriff des Spiessigen galt. Hatten die notorischen Individualisten noch vor ein paar Jahren den Sklaven-Jagdhund Rhodesian Ridgeback als Ausdrucksmittel ihres Glaubens an die Freiheit entdeckt, verk\u00f6rpert der Mops den R\u00fcckzug des B\u00fcrgers von Heute in die Heimeligkeit des Eigenheims. Er passt in jede Wohnung, frisst und kotet nicht viel. Und irgendwie scheinen sich Herrchen und Frauchen auch in ihm spiegeln zu k\u00f6nnen.<br><br>Da ist zum einen sein Gesicht. Es \u00e4hnelt dem einer Meerkatze. Manche Inhaber, wie der Berliner Modesch\u00f6pfer Kai Angladegies, behaupten sogar, der Vierbeiner erinnere sie &#8222;ein wenig an einen Schimpansen&#8220;. Der Mops ist ein hervorragender Hausgenosse. Kreuzfidel und doch urgem\u00fctlich, nicht ausufernd in seinen Anspr\u00fcchen, solange er dabei sein darf und Zuwendung bekommt. Zudem verf\u00fcgt er \u00fcber eine ganz menschliche Eigenschaft: Er schnarcht, weswegen sich auch leidenschaftliche Singles n\u00e4chtens nicht ganz allein f\u00fchlen.<br><br>Das alles ergibt ein ideales Accessoire f\u00fcr all jene, denen zur Behaglichkeit noch ein rennender Fussw\u00e4rmer fehlt, der selbst im \u00fcberschwang den Schweinebraten nicht vom Teller zieht. Lediglich ein Problem schleppt der Mops mit sich herum &#8211; eigentlich nicht seines, sondern dass seiner Besitzer: Was geschieht, wenn sich die Mode \u00e4ndert? Man wird ihn nicht eintauschen k\u00f6nnen gegen seinen Nachfolger an der Garderobe der Stilmittel. Und herrenlos will diese Kerlchen niemand sehen, wenn Zeitgeist und Saisongesch\u00e4ft nach der R\u00fcckkehr des Bernhardiners verlangen.<br><br>SPIEGEL ONLINE 2006<\/p>\n","protected":false},"excerpt":{"rendered":"<p>Die aktuelles Nachrichten vom M.P.R.V. e. V. Mittwoch, den 03. September 2008An diesem Tag sind wir Live in der Sendung &#8222;Daheim und unterwegs&#8220; mit unserem M\u00f6psen im WDR zu sehen. Montag, den 03. September 2007Nach monatelangen Dreharbeiten ist es endlich soweit!!! Die ersteMPRV DVD &#8222;Hier kommt der Mops&#8220; ist fertig und ab sofort unter&nbsp;&#8222;MPRV-Shop&#8220; zu [&hellip;]<\/p>\n","protected":false},"author":1,"featured_media":0,"parent":0,"menu_order":0,"comment_status":"closed","ping_status":"closed","template":"","meta":{"footnotes":""},"class_list":["post-126","page","type-page","status-publish","hentry"],"_links":{"self":[{"href":"https:\/\/mprv.de\/index.php?rest_route=\/wp\/v2\/pages\/126","targetHints":{"allow":["GET"]}}],"collection":[{"href":"https:\/\/mprv.de\/index.php?rest_route=\/wp\/v2\/pages"}],"about":[{"href":"https:\/\/mprv.de\/index.php?rest_route=\/wp\/v2\/types\/page"}],"author":[{"embeddable":true,"href":"https:\/\/mprv.de\/index.php?rest_route=\/wp\/v2\/users\/1"}],"replies":[{"embeddable":true,"href":"https:\/\/mprv.de\/index.php?rest_route=%2Fwp%2Fv2%2Fcomments&post=126"}],"version-history":[{"count":3,"href":"https:\/\/mprv.de\/index.php?rest_route=\/wp\/v2\/pages\/126\/revisions"}],"predecessor-version":[{"id":129,"href":"https:\/\/mprv.de\/index.php?rest_route=\/wp\/v2\/pages\/126\/revisions\/129"}],"wp:attachment":[{"href":"https:\/\/mprv.de\/index.php?rest_route=%2Fwp%2Fv2%2Fmedia&parent=126"}],"curies":[{"name":"wp","href":"https:\/\/api.w.org\/{rel}","templated":true}]}}