{"id":130,"date":"2020-12-20T19:21:25","date_gmt":"2020-12-20T18:21:25","guid":{"rendered":"https:\/\/mprv.de\/?page_id=130"},"modified":"2020-12-20T19:21:53","modified_gmt":"2020-12-20T18:21:53","slug":"rassestandard-m-p-r-v-e-v","status":"publish","type":"page","link":"https:\/\/mprv.de\/?page_id=130","title":{"rendered":"Rassestandard M.P.R.V. e. V."},"content":{"rendered":"\n<p>Der Rassestandard ist nichts anderes, als die Beschreibung eines Hundes. Dabei steht im MPRV e.V. die Gesundheit \u00fcber dem Rassestandard.<\/p>\n\n\n\n<p><strong>Rassestandard FCI:<\/strong><br>Die Augen des Mopses sind dunkel und etwas vorstehend.<br>Es gibt keinen deutlich erkennbaren Fang, im Seitenprofil ist der Hund flach.<br>Die dicke Nasenfalte verdeckt den Nasenschwamm vollst\u00e4ndig.<br>Beim Mops betr\u00e4gt das Gewicht 6,3 bis 8,0 Kilo bei starkem Knochenbau.<\/p>\n\n\n\n<figure class=\"wp-block-image size-large\"><img loading=\"lazy\" decoding=\"async\" width=\"434\" height=\"176\" src=\"https:\/\/mprv.de\/wp-content\/uploads\/2020\/12\/standard__schema_.gif\" alt=\"\" class=\"wp-image-131\"\/><\/figure>\n\n\n\n<p><strong>MPRV-Standard:<\/strong><br>Die Augen sind dunkel, gut eingebettet und niemals vorstehend.<br>Im Seitenprofil ist ein deutlicher Fang zu erkennen.<br>Die Nasenfalte ist mittig unterbrochen und nur minimal angedeutet.<br>Der Nasenschwamm liegt vollst\u00e4ndig frei.<br>Beim Mops betr\u00e4gt das Gewicht 8,0 bis 11,0 Kilo.<\/p>\n\n\n\n<p>Bei den H\u00fcndinnen stimmt die Relation der Gr\u00f6\u00dfe zu den Welpen nicht mehr, die Welpen sind f\u00fcr die bisher zu kleinw\u00fcchsigen Muttertiere zu gro\u00df. Es gibt Geb\u00e4rschwierigkeiten. Durch den zu kurzen Fang sind die H\u00fcndinnen nicht in der Lage, ihre Welpen, wie jeder andere erwachsene Hund, abzunabeln, geschweige denn, sie im Fang zu transportieren.<\/p>\n\n\n\n<figure class=\"wp-block-image size-large\"><img loading=\"lazy\" decoding=\"async\" width=\"227\" height=\"170\" src=\"https:\/\/mprv.de\/wp-content\/uploads\/2020\/12\/786ed474ef.jpg\" alt=\"\" class=\"wp-image-132\"\/><figcaption>Familienidylle im MPRV e.V.<\/figcaption><\/figure>\n\n\n\n<p>Neues Ziel: Der Fang wird nach vorne verlagert, w\u00e4hrend die Nasenfalte nur noch seitlich angedeutet ist. Somit sind die Atemwege frei und der Mops kann unbehindert atmen. Die Hunde sind dann agiler und ausdauernder, da die Lebensqualit\u00e4t durch diese \u00c4nderungen erheblich gesteigert wird.<\/p>\n\n\n\n<p>Uns liegt ein Gutachten vom Januar 2002 zur Auslegung des Tierschutzgesetzes vor. Beauftragter war das Bundesministerium f\u00fcr Ern\u00e4hrung, Landwirtschaft und Forsten. U. a. hei\u00dft es hier zu den M\u00f6psen: &#8222;Durch Appelle konnten die Verb\u00e4nde jedoch nicht in ausreichendem Masse dazu bewegt werden, auf tierschutzwidrige Rassestandards zu verzichten und \u00dcbertypisierungen bei der Zuchtauswahl zu vermeiden&#8220;.<\/p>\n\n\n\n<p>Aus diesem Grund wurde das Tierschutzgesetz erweitert. Danach ist es verboten, Wirbeltiere zu z\u00fcchten oder durch bio- oder gentechnische Ma\u00dfnahmen zu ver\u00e4ndern, wenn damit gerechnet werden muss, dass bei der Nachzucht, den bio- oder gentechnisch ver\u00e4nderten Tieren selbst oder deren Nachkommen erblich bedingt K\u00f6rperteile oder Organe f\u00fcr den artgem\u00e4\u00dfen Gebrauch fehlen oder umgestaltet sind und hierdurch Schmerzen, Leiden oder Sch\u00e4den auftreten.<\/p>\n\n\n\n<figure class=\"wp-block-image size-large\"><img loading=\"lazy\" decoding=\"async\" width=\"354\" height=\"450\" src=\"https:\/\/mprv.de\/wp-content\/uploads\/2020\/12\/9ad8b51e93.jpg\" alt=\"\" class=\"wp-image-134\" srcset=\"https:\/\/mprv.de\/wp-content\/uploads\/2020\/12\/9ad8b51e93.jpg 354w, https:\/\/mprv.de\/wp-content\/uploads\/2020\/12\/9ad8b51e93-236x300.jpg 236w\" sizes=\"auto, (max-width: 354px) 100vw, 354px\" \/><figcaption>Rassestandard 1906<\/figcaption><\/figure>\n","protected":false},"excerpt":{"rendered":"<p>Der Rassestandard ist nichts anderes, als die Beschreibung eines Hundes. Dabei steht im MPRV e.V. die Gesundheit \u00fcber dem Rassestandard. Rassestandard FCI:Die Augen des Mopses sind dunkel und etwas vorstehend.Es gibt keinen deutlich erkennbaren Fang, im Seitenprofil ist der Hund flach.Die dicke Nasenfalte verdeckt den Nasenschwamm vollst\u00e4ndig.Beim Mops betr\u00e4gt das Gewicht 6,3 bis 8,0 Kilo [&hellip;]<\/p>\n","protected":false},"author":1,"featured_media":0,"parent":0,"menu_order":0,"comment_status":"closed","ping_status":"closed","template":"","meta":{"footnotes":""},"class_list":["post-130","page","type-page","status-publish","hentry"],"_links":{"self":[{"href":"https:\/\/mprv.de\/index.php?rest_route=\/wp\/v2\/pages\/130","targetHints":{"allow":["GET"]}}],"collection":[{"href":"https:\/\/mprv.de\/index.php?rest_route=\/wp\/v2\/pages"}],"about":[{"href":"https:\/\/mprv.de\/index.php?rest_route=\/wp\/v2\/types\/page"}],"author":[{"embeddable":true,"href":"https:\/\/mprv.de\/index.php?rest_route=\/wp\/v2\/users\/1"}],"replies":[{"embeddable":true,"href":"https:\/\/mprv.de\/index.php?rest_route=%2Fwp%2Fv2%2Fcomments&post=130"}],"version-history":[{"count":2,"href":"https:\/\/mprv.de\/index.php?rest_route=\/wp\/v2\/pages\/130\/revisions"}],"predecessor-version":[{"id":135,"href":"https:\/\/mprv.de\/index.php?rest_route=\/wp\/v2\/pages\/130\/revisions\/135"}],"wp:attachment":[{"href":"https:\/\/mprv.de\/index.php?rest_route=%2Fwp%2Fv2%2Fmedia&parent=130"}],"curies":[{"name":"wp","href":"https:\/\/api.w.org\/{rel}","templated":true}]}}