{"id":14,"date":"2020-12-20T15:19:41","date_gmt":"2020-12-20T14:19:41","guid":{"rendered":"https:\/\/mprv.de\/?page_id=14"},"modified":"2020-12-20T18:49:10","modified_gmt":"2020-12-20T17:49:10","slug":"mops-pekingesen-rassehunde-verband-e-v","status":"publish","type":"page","link":"https:\/\/mprv.de\/","title":{"rendered":"Startseite"},"content":{"rendered":"\n<h2 class=\"wp-block-heading\">Mops -Pekingesen Rassehunde &#8211; Verband e. V.<\/h2>\n\n\n\n<figure class=\"wp-block-gallery columns-1 is-cropped wp-block-gallery-1 is-layout-flex wp-block-gallery-is-layout-flex\"><ul class=\"blocks-gallery-grid\"><li class=\"blocks-gallery-item\"><figure><img loading=\"lazy\" decoding=\"async\" width=\"531\" height=\"236\" src=\"https:\/\/mprv.de\/wp-content\/uploads\/2020\/12\/teaser-10jahre_01.png\" alt=\"\" data-id=\"99\" data-full-url=\"https:\/\/mprv.de\/wp-content\/uploads\/2020\/12\/teaser-10jahre_01.png\" data-link=\"https:\/\/mprv.de\/?attachment_id=99\" class=\"wp-image-99\" srcset=\"https:\/\/mprv.de\/wp-content\/uploads\/2020\/12\/teaser-10jahre_01.png 531w, https:\/\/mprv.de\/wp-content\/uploads\/2020\/12\/teaser-10jahre_01-300x133.png 300w\" sizes=\"auto, (max-width: 531px) 100vw, 531px\" \/><\/figure><\/li><\/ul><\/figure>\n\n\n\n<p><strong>Der Mops &#8211; und Pekingesen&nbsp; Rassehunde &#8211; Verband, kurz MPRV, wurde im Dezember 2001 gegr\u00fcndet. Der Grund, hierf\u00fcr waren die bestehenden Rassestandards bei M\u00f6psen sowie bei Pekingesen.<\/strong><br><br>Durch die Umstrukturierung im Privatleben der Begr\u00fcnder, Anfang des Jahres 2009, war auch in den Reihen des Vereins und dessen Vorstand eine Reform von N\u00f6ten und ein weiteres Umdenken f\u00fcr die Zukunft mehr als angesagt.<br><br>In der heutigen Zeit, m\u00fcssen die Bem\u00fchungen des MPRV e. V. Deutschland und dessen Z\u00fcchter mehr darin liegen, vor allem gesunde M\u00f6pse zu z\u00fcchten, die ihr h\u00fcndisches Leben problemlos meistern k\u00f6nnen. Das gilt auch f\u00fcr die anderen Hunderassen, welche mittlerweile Einzug in den Verein gehalten haben.<br>Denn leidet eine Rasse, die einem strengen Standard unterliegt unter diesem, haben Kritiker, die diese Rassen als Qualzuchten bezeichnen, nat\u00fcrlich recht.<br>Die Erfahrung hat gezeigt, dass sich eine bessere Atmung der Hunde nicht alleine an den langen Nasen ausmachen l\u00e4sst, sondern viele andere Kriterien eine sehr gro\u00dfe und wichtige Rolle spielen.<br>Wenn in Zukunft der Nasenr\u00fccken unserer hervorgebrachten M\u00f6pse deshalb weniger, etwas oder deutlich l\u00e4nger hervorsteht,&nbsp; ist das kein Mangel, sondern ein von uns gewolltes Ergebnis, dem mittlerweile jahrelange Beobachtungen zu Grunde liegen. Alle Z\u00fcchter unseres Vereins werden aufgefordert, mehr Wert auf die Gesundheit des Mopses und der angeschlossenen Rassen zu legen. Denn alle haben ein Anrecht darauf, ihr Leben unbeschwert leben zu d\u00fcrfen.<br>Seit Anfang 2009 erm\u00f6glichen wir unseren Z\u00fcchtern,&nbsp; aus den in der Vergangenheit gesammelten Erfahrungen und auch gemachten Fehlern heraus, sich fachlich sowie praktisch weiter zu bilden, um sich mit der Gesundheit und Zucht der Hunde, besser und vor allem verantwortungsvoller auseinander setzen zu k\u00f6nnen. Unsere Zuchten werden aus diesem Grund einer vermehrten tier\u00e4rztlichen Kontrolle unterzogen. Nur so kann eine Gesunderhaltung der Molosser Rassen in den Zuchtst\u00e4tten des Vereins auf Dauer gew\u00e4hrleistet sein.<br>Vor dem Rassestandard sollte in erster Linie nicht der Profit, sondern die Gesundheit der gez\u00fcchteten Hunde stehen. Daf\u00fcr wird sich der MPRV e.V. Deutschland in Zukunft einsetzen. &nbsp;<br>&#8222;Nur&#8220; lange Nasen, waren gestern!&nbsp;<br><br><strong>&#8222;Die besten Reformer, die die Welt je gesehen hat, sind die, die bei sich selbst anfangen!&#8220;<\/strong><br>(Georg Bernard Shaw, 1856-1950; ir. Schriftsteller)<\/p>\n\n\n\n<div class=\"wp-block-columns is-layout-flex wp-container-core-columns-is-layout-9d6595d7 wp-block-columns-is-layout-flex\">\n<div class=\"wp-block-column is-layout-flow wp-block-column-is-layout-flow\">\n<figure class=\"wp-block-image size-large\"><img loading=\"lazy\" decoding=\"async\" width=\"99\" height=\"160\" src=\"https:\/\/mprv.de\/wp-content\/uploads\/2020\/12\/ad62391809.jpg\" alt=\"\" class=\"wp-image-17\"\/><\/figure>\n<\/div>\n\n\n\n<div class=\"wp-block-column is-layout-flow wp-block-column-is-layout-flow\">\n<figure class=\"wp-block-image size-large\"><img loading=\"lazy\" decoding=\"async\" width=\"113\" height=\"160\" src=\"https:\/\/mprv.de\/wp-content\/uploads\/2020\/12\/f422bae284.jpg\" alt=\"\" class=\"wp-image-18\"\/><\/figure>\n<\/div>\n<\/div>\n\n\n\n<p><strong>Diese beiden Bilder zeigen M\u00f6pse aus den 50-ziger Jahren<\/strong><\/p>\n","protected":false},"excerpt":{"rendered":"<p>Mops -Pekingesen Rassehunde &#8211; Verband e. V. Der Mops &#8211; und Pekingesen&nbsp; Rassehunde &#8211; Verband, kurz MPRV, wurde im Dezember 2001 gegr\u00fcndet. Der Grund, hierf\u00fcr waren die bestehenden Rassestandards bei M\u00f6psen sowie bei Pekingesen. Durch die Umstrukturierung im Privatleben der Begr\u00fcnder, Anfang des Jahres 2009, war auch in den Reihen des Vereins und dessen Vorstand [&hellip;]<\/p>\n","protected":false},"author":1,"featured_media":0,"parent":0,"menu_order":0,"comment_status":"closed","ping_status":"closed","template":"","meta":{"footnotes":""},"class_list":["post-14","page","type-page","status-publish","hentry"],"_links":{"self":[{"href":"https:\/\/mprv.de\/index.php?rest_route=\/wp\/v2\/pages\/14","targetHints":{"allow":["GET"]}}],"collection":[{"href":"https:\/\/mprv.de\/index.php?rest_route=\/wp\/v2\/pages"}],"about":[{"href":"https:\/\/mprv.de\/index.php?rest_route=\/wp\/v2\/types\/page"}],"author":[{"embeddable":true,"href":"https:\/\/mprv.de\/index.php?rest_route=\/wp\/v2\/users\/1"}],"replies":[{"embeddable":true,"href":"https:\/\/mprv.de\/index.php?rest_route=%2Fwp%2Fv2%2Fcomments&post=14"}],"version-history":[{"count":5,"href":"https:\/\/mprv.de\/index.php?rest_route=\/wp\/v2\/pages\/14\/revisions"}],"predecessor-version":[{"id":100,"href":"https:\/\/mprv.de\/index.php?rest_route=\/wp\/v2\/pages\/14\/revisions\/100"}],"wp:attachment":[{"href":"https:\/\/mprv.de\/index.php?rest_route=%2Fwp%2Fv2%2Fmedia&parent=14"}],"curies":[{"name":"wp","href":"https:\/\/api.w.org\/{rel}","templated":true}]}}