{"id":151,"date":"2020-12-21T20:00:11","date_gmt":"2020-12-21T19:00:11","guid":{"rendered":"https:\/\/mprv.de\/?page_id=151"},"modified":"2020-12-21T20:02:53","modified_gmt":"2020-12-21T19:02:53","slug":"qualzucht","status":"publish","type":"page","link":"https:\/\/mprv.de\/?page_id=151","title":{"rendered":"Qualzucht"},"content":{"rendered":"\n<h2 class=\"wp-block-heading\">Qualzucht? Nein Danke!<\/h2>\n\n\n\n<figure class=\"wp-block-image size-large\"><img loading=\"lazy\" decoding=\"async\" width=\"400\" height=\"94\" src=\"https:\/\/mprv.de\/wp-content\/uploads\/2020\/12\/165e008a6c.gif\" alt=\"\" class=\"wp-image-152\"\/><\/figure>\n\n\n\n<p>Das Schlagwort in den letzten Jahren in Bezug auf die Hundezucht ist &#8222;Qualzucht&#8220;. Ein Wort, dass in der Kynologie (der Lehre vom Hund) verschwinden muss! Ursache der sog. Qualzuchten sind die Rassestandards der Hunde. Auch unseren M\u00f6psen wird der vorgeschriebene Standard nicht gerecht. Denken wir z.B. an die Nasenfalte. Uns sind Hunde vorgestellt worden, bei denen gerade diese Falte so stark ausgebildet war, dass die armen Tiere kaum vern\u00fcnftig atmen konnten und Augenverletzungen durch die zus\u00e4tzlich weit hervorstehenden Augen vorprogrammiert waren. Oft kommen zu kleine, zu enge Nasenl\u00f6cher als Nebenerscheinung hinzu.<br>Es gibt nur einen Grund, weshalb die Schnauzpartie der M\u00f6pse nicht l\u00e4nger nach vorne gez\u00fcchtet wird: Den geltenden Rassestandard.<br>Wir betonen noch einmal, dass der Standard eine willk\u00fcrliche Erfindung des Menschen ist und den Hunden, bzw. deren Z\u00fcchtern aufoktroyiert wurde und wird!<br>Wenn ein Hund unter diesem \u00fcblen und unsinnigen Standard zu leiden hat, haben die Kritiker, die unsere Hunde als Qualzuchten bezeichnen, NICHT unrecht!!<\/p>\n\n\n\n<p><br>Wir fordern deshalb alle Z\u00fcchter auf, auf solche Zuchten in Zukunft zu verzichten. Der Mops hat ein Anrecht darauf, frei und ungehindert atmen zu k\u00f6nnen. Wenn also in Zukunft nach Erreichen unseres Zuchtziels der Nasenr\u00fccken der M\u00f6pse deutlicher l\u00e4nger hervorsteht, dann ist das kein Mangel, sondern eine von uns gew\u00fcnschte Verbesserung der Rasse.<br>Allen Richtern, denen das nicht behagt, empfehlen wir das mehrt\u00e4gige Tragen einer W\u00e4scheklammer auf ihrer eignen Nase, um sich mit den bisherigen Atemproblemen der M\u00f6pse vertrauter zu machen. Danach werden wir in unserem Bestreben hoffentlich unterst\u00fctzt. Vor dem so genannten Rassestandard steht immer und einzig und allein die Gesundheit und das &#8222;Sich Wohlf\u00fchlen&#8220; der von uns gez\u00fcchteten Hunde.<br>Gleichzeitig m\u00fcssen wir feststellen, dass unsere Rassen immer kleinw\u00fcchsiger werden. Wir brauchen M\u00f6pse, die ihre Welpen normal austragen und geb\u00e4ren k\u00f6nnen. Kaiserschnitte m\u00fcssen die Ausnahme sein! Eine normal gebaute H\u00fcndin kann problemlos ihre Jungen geb\u00e4ren und ist anschlie\u00dfend eine liebevolle, f\u00fcrsorgliche Mutter. Ihr kann auch der unerfahrene Mensch ansehen, mit welcher Freude und Hingabe &#8222;Mama Mops ihre Welpen aufzieht. Nicht nur, dass hier schon die so wichtige Welpenpr\u00e4gung einsetzt, nein, auch das \u00dcberleben unserer M\u00f6pse ist gesichert.<\/p>\n\n\n\n<p><br>Solche Zuchtziele setzen wir uns im M.P.R.V. e.V<\/p>\n\n\n\n<figure class=\"wp-block-image size-large\"><img loading=\"lazy\" decoding=\"async\" width=\"319\" height=\"140\" src=\"https:\/\/mprv.de\/wp-content\/uploads\/2020\/12\/3241217e7f.jpg\" alt=\"\" class=\"wp-image-154\" srcset=\"https:\/\/mprv.de\/wp-content\/uploads\/2020\/12\/3241217e7f.jpg 319w, https:\/\/mprv.de\/wp-content\/uploads\/2020\/12\/3241217e7f-300x132.jpg 300w\" sizes=\"auto, (max-width: 319px) 100vw, 319px\" \/><\/figure>\n\n\n\n<p>Auf den hier abgebildeten Sch\u00e4deln ist erkennbar, wie weit der Oberkiefer zur\u00fcckgez\u00fcchtet wurde und wie eng der gesamte Mund- und Rachenraum eines derartig qualgez\u00fcchteten Hundes geworden ist.<\/p>\n\n\n\n<p>Die Aufgabe des MPRV e.V. besteht darin, einen solchen Oberkiefer wieder nach vorne zu z\u00fcchten und dem Pekingesen, wie auch dem Mops, eine normale Atmung und Futteraufnahme zu erm\u00f6glichen. Die Re-Z\u00fcchtung beim Mops ist bereits durchgehend erfolgt. Unsere Z\u00fcchter der Pekingesen, k\u00f6nnen zur Zeit, trotz des \u00fcberaus geringen Bestandes dieser Rasse, bereits erste Erfolge melden.<\/p>\n\n\n\n<p>Mitte 2003: Der Bundesrat hat die Bundesregierung in einer Entschlie\u00dfung aufgefordert, von einer im Tierschutzgesetz enthaltenen Verordnungserm\u00e4chtigung Gebrauch zu machen und das so genannte Qualzuchtverbot zu pr\u00e4zisieren. Der Bundesrat hat festgestellt, dass die bisherigen Formulierungen im Tierschutzgesetz nicht zu einer konsequenten Umsetzung des Verbotes f\u00fchren, so dass auch weiterhin Nachkommen von Tieren mit genetischen Defekten zum Teil erhebliche Schmerzen, Leiden und Sch\u00e4den zugef\u00fcgt werden.<br><em>Quelle: Der Bundesrat<\/em><\/p>\n\n\n\n<p><strong>Unser Zuchtziel<\/strong><\/p>\n\n\n\n<figure class=\"wp-block-image size-large\"><img loading=\"lazy\" decoding=\"async\" width=\"258\" height=\"140\" src=\"https:\/\/mprv.de\/wp-content\/uploads\/2020\/12\/a20334204b.jpg\" alt=\"\" class=\"wp-image-156\"\/><\/figure>\n\n\n\n<p><strong>Diese Bilder zeigen M\u00f6pse aus dem 1900 Jahrhundert<\/strong><\/p>\n","protected":false},"excerpt":{"rendered":"<p>Qualzucht? Nein Danke! Das Schlagwort in den letzten Jahren in Bezug auf die Hundezucht ist &#8222;Qualzucht&#8220;. Ein Wort, dass in der Kynologie (der Lehre vom Hund) verschwinden muss! Ursache der sog. Qualzuchten sind die Rassestandards der Hunde. Auch unseren M\u00f6psen wird der vorgeschriebene Standard nicht gerecht. Denken wir z.B. an die Nasenfalte. Uns sind Hunde [&hellip;]<\/p>\n","protected":false},"author":1,"featured_media":0,"parent":0,"menu_order":0,"comment_status":"closed","ping_status":"closed","template":"","meta":{"footnotes":""},"class_list":["post-151","page","type-page","status-publish","hentry"],"_links":{"self":[{"href":"https:\/\/mprv.de\/index.php?rest_route=\/wp\/v2\/pages\/151","targetHints":{"allow":["GET"]}}],"collection":[{"href":"https:\/\/mprv.de\/index.php?rest_route=\/wp\/v2\/pages"}],"about":[{"href":"https:\/\/mprv.de\/index.php?rest_route=\/wp\/v2\/types\/page"}],"author":[{"embeddable":true,"href":"https:\/\/mprv.de\/index.php?rest_route=\/wp\/v2\/users\/1"}],"replies":[{"embeddable":true,"href":"https:\/\/mprv.de\/index.php?rest_route=%2Fwp%2Fv2%2Fcomments&post=151"}],"version-history":[{"count":3,"href":"https:\/\/mprv.de\/index.php?rest_route=\/wp\/v2\/pages\/151\/revisions"}],"predecessor-version":[{"id":158,"href":"https:\/\/mprv.de\/index.php?rest_route=\/wp\/v2\/pages\/151\/revisions\/158"}],"wp:attachment":[{"href":"https:\/\/mprv.de\/index.php?rest_route=%2Fwp%2Fv2%2Fmedia&parent=151"}],"curies":[{"name":"wp","href":"https:\/\/api.w.org\/{rel}","templated":true}]}}