{"id":173,"date":"2020-12-21T20:18:03","date_gmt":"2020-12-21T19:18:03","guid":{"rendered":"https:\/\/mprv.de\/?page_id=173"},"modified":"2020-12-21T20:18:03","modified_gmt":"2020-12-21T19:18:03","slug":"trittbrettfahrer","status":"publish","type":"page","link":"https:\/\/mprv.de\/?page_id=173","title":{"rendered":"Trittbrettfahrer"},"content":{"rendered":"\n<h2 class=\"wp-block-heading\">Trittbrettfahrer<\/h2>\n\n\n\n<figure class=\"wp-block-image size-large\"><img loading=\"lazy\" decoding=\"async\" width=\"200\" height=\"119\" src=\"https:\/\/mprv.de\/wp-content\/uploads\/2020\/12\/5b328c2dc1.jpg\" alt=\"\" class=\"wp-image-174\"\/><\/figure>\n\n\n\n<p>Liebe Welpeninteressenten,<br>immer wieder werden Sie beim Surfen im Internet auf Welpenverk\u00e4ufer treffen, die vorgeben, Ihr Zuchtziel laufe konform mit dem des MPRV e.V.<br>Lassen Sie sich nicht t\u00e4uschen. Es handelt sich nicht um einen unserer angeschlossenen 100 Z\u00fcchter. In der Regel sind diese einem allgemeinen Hundeclub angeschlossen, der au\u00dfer der Rasse Mops weitere ca. 200 Hunderassen betreut.<\/p>\n\n\n\n<p>Wir betreuen nur einige Rassen \u2013 diese aber fachkompetent und umfassend. Als erster und einziger Hundeclub im Deutschland basiert unser Zuchtziel auf dem altdeutschen Mops.<br>Leider gibt es in der letzten Zeit Trittbrettfahrer, die Ihnen suggerieren, sie z\u00fcchten ebenfalls M\u00f6pse des alten Schlages, haben diese aber noch nie zu Gesicht bekommen oder sehen diese Hunde gar als Mischlinge an.<br>Seien Sie auch auf der Hut, wenn Sie auf Homepages landen, die von Z\u00fcchtern gef\u00fchrt werden, die dem MPRV e.V. den R\u00fccken gekehrt haben. Diese outen sich selber in ihren Webseiten und verbreiten absurde Schauergeschichten, die sich der MPRV e.V. nicht zueigen macht. Dabei erw\u00e4hnt man unseren Verband nicht namentlich. Sollten Sie Derartiges lesen, nehmen Sie Kontakt zu uns auf. Wir freuen uns \u00fcber jeden Anruf und vermitteln Ihnen gerne Z\u00fcchter aus unseren Reihen, die das Zuchtziel strikt und kompromisslos verfolgen.<\/p>\n","protected":false},"excerpt":{"rendered":"<p>Trittbrettfahrer Liebe Welpeninteressenten,immer wieder werden Sie beim Surfen im Internet auf Welpenverk\u00e4ufer treffen, die vorgeben, Ihr Zuchtziel laufe konform mit dem des MPRV e.V.Lassen Sie sich nicht t\u00e4uschen. Es handelt sich nicht um einen unserer angeschlossenen 100 Z\u00fcchter. In der Regel sind diese einem allgemeinen Hundeclub angeschlossen, der au\u00dfer der Rasse Mops weitere ca. 200 [&hellip;]<\/p>\n","protected":false},"author":1,"featured_media":0,"parent":0,"menu_order":0,"comment_status":"closed","ping_status":"closed","template":"","meta":{"footnotes":""},"class_list":["post-173","page","type-page","status-publish","hentry"],"_links":{"self":[{"href":"https:\/\/mprv.de\/index.php?rest_route=\/wp\/v2\/pages\/173","targetHints":{"allow":["GET"]}}],"collection":[{"href":"https:\/\/mprv.de\/index.php?rest_route=\/wp\/v2\/pages"}],"about":[{"href":"https:\/\/mprv.de\/index.php?rest_route=\/wp\/v2\/types\/page"}],"author":[{"embeddable":true,"href":"https:\/\/mprv.de\/index.php?rest_route=\/wp\/v2\/users\/1"}],"replies":[{"embeddable":true,"href":"https:\/\/mprv.de\/index.php?rest_route=%2Fwp%2Fv2%2Fcomments&post=173"}],"version-history":[{"count":1,"href":"https:\/\/mprv.de\/index.php?rest_route=\/wp\/v2\/pages\/173\/revisions"}],"predecessor-version":[{"id":175,"href":"https:\/\/mprv.de\/index.php?rest_route=\/wp\/v2\/pages\/173\/revisions\/175"}],"wp:attachment":[{"href":"https:\/\/mprv.de\/index.php?rest_route=%2Fwp%2Fv2%2Fmedia&parent=173"}],"curies":[{"name":"wp","href":"https:\/\/api.w.org\/{rel}","templated":true}]}}