{"id":29,"date":"2020-12-20T15:54:46","date_gmt":"2020-12-20T14:54:46","guid":{"rendered":"https:\/\/mprv.de\/?page_id=29"},"modified":"2021-03-02T16:50:32","modified_gmt":"2021-03-02T15:50:32","slug":"impressum","status":"publish","type":"page","link":"https:\/\/mprv.de\/?page_id=29","title":{"rendered":"Impressum"},"content":{"rendered":"\n<p><strong>Hauptgesch\u00e4ftsstelle <\/strong><\/p>\n\n\n\n<p><strong>M.P.R.V. e. V. Mops-Pekinesen Rasshunde-Verband<\/strong><br>Am Pastorenholz 26<br>32584 L\u00f6hne<br><br>Tel.: 0162 7618966<br>E-Mail: info(at)mprv.de <br>Web: <a href=\"http:\/\/www.mprv.de\">http:\/\/www.mprv.de<\/a><\/p>\n\n\n\n<p><strong>Gesch\u00e4ftsf\u00fchrer:<\/strong> Vertretung gem\u00e4\u00df Satzung Ulrich Willms (1. Vorsitzender) <br><strong>Inhaltlich verantwortlich gem\u00e4\u00df \u00a7 6 MDStv:<\/strong> Vertretung gem\u00e4\u00df Satzung Ulrich Willms (1. Vorsitzender) <br><strong>Gesch\u00e4ftsf\u00fchrer MPRV-Shop auf dieser Seite:<\/strong> Ulrich Willms (1.Vorsitzender) <\/p>\n\n\n\n<p><strong>Vereinsregister<\/strong> Amtsgericht Bad Oeynhausen Bismarckstra\u00dfe 12 32545 Bad Oeynhausen Registernummer 16VR835 vom 03.07.2002 USt. Id.-Nr. (\u00a727a USt.-Gesetz) Steuer Nr. 310\/5854\/1549 \u2013 Finanzamt B\u00fcnde<\/p>\n\n\n\n<p><strong>Technische Umsetzung:<\/strong><\/p>\n\n\n\n<p><strong>PC Spezialist Cornix IT <\/strong><br>Web: <a href=\"https:\/\/www.cornixit.de\">https:\/\/www.cornixit.de<\/a>, <a rel=\"noreferrer noopener\" href=\"https:\/\/computershop-buende.de\" target=\"_blank\">https:\/\/computershop-buende.de<\/a>, <a rel=\"noreferrer noopener\" href=\"https:\/\/www.maiklangerwisch.de\" target=\"_blank\">https:\/\/www.maiklangerwisch.de<\/a>, <a rel=\"noreferrer noopener\" href=\"https:\/\/www.sparmitstrom.de\" target=\"_blank\">https:\/\/www.sparmitstrom.de<\/a>, <a rel=\"noreferrer noopener\" href=\"https:\/\/ebooksratgebershop.de\" target=\"_blank\">https:\/\/www.ebooksratgebershop.de<\/a>, <a rel=\"noreferrer noopener\" href=\"https:\/\/sony-xperia.bernaunet.com\" target=\"_blank\">https:\/\/sony-xperia.bernaunet.com<\/a>, <a rel=\"noreferrer noopener\" href=\"https:\/\/master-of-the-universe.bernaunet.com\" target=\"_blank\">https:\/\/master-of-the-universe.bernaunet.com<\/a>, <a rel=\"noreferrer noopener\" href=\"http:\/\/vergleichsfrosch.de\" target=\"_blank\">http:\/\/vergleichsfrosch.de<\/a>)<br>Tel.: 05223 6521841<br>E-Mail: info@cornixit.de<\/p>\n\n\n\n<ol class=\"wp-block-list\"><li><strong>Inhalt des Onlineangebots <\/strong><br>Der MPRV e.V. \u00fcbernimmt keinerlei Gew\u00e4hr f\u00fcr die Aktualit\u00e4t, Korrektheit, Vollst\u00e4ndigkeit oder Qualit\u00e4t der bereitgestellten Informationen. Haftungsanspr\u00fcche gegen den MPRV e.V., welche sich auf Sch\u00e4den materieller oder ideeller Art beziehen, die durch die Nutzung oder Nichtnutzung der dargebotenen Informationen bzw. durch die Nutzung fehlerhafter und unvollst\u00e4ndiger Informationen verursacht wurden sind grunds\u00e4tzlich ausgeschlossen, sofern seitens des MPRV e.V. kein nachweislich vors\u00e4tzliches oder grob fahrl\u00e4ssiges Verschulden vorliegt. Alle Angebote sind freibleibend und unverbindlich. Der MPRV e.V. beh\u00e4lt es sich ausdr\u00fccklich vor, Teile der Seiten oder das gesamte Angebot ohne gesonderte Ank\u00fcndigung zu ver\u00e4ndern, zu erg\u00e4nzen, zu l\u00f6schen oder die Ver\u00f6ffentlichung zeitweise oder endg\u00fcltig einzustellen.<br><\/li><li><strong>Verweise und Links<\/strong><br>Bei direkten oder indirekten Verweisen auf fremde Internetseiten (&#8222;Links&#8220;), die au\u00dferhalb des Verantwortungsbereiches MPRV e.V. liegen, w\u00fcrde eine Haftungsverpflichtung ausschlie\u00dflich in dem Fall in Kraft treten, in dem der MPRV e.V. von den Inhalten Kenntnis hat und es technisch m\u00f6glich und zumutbar w\u00e4re, die Nutzung im Falle rechtswidriger Inhalte zu verhindern. Der MPRV e.V. erkl\u00e4rt daher ausdr\u00fccklich, dass zum Zeitpunkt der Linksetzung die entsprechenden verlinkten Seiten frei von illegalen Inhalten waren. Der MPRV e.V. hat keinerlei Einfluss auf die aktuelle und zuk\u00fcnftige Gestaltung und auf die Inhalte der gelinkten\/verkn\u00fcpften Seiten. Deshalb distanziert der MPRV e.V. hiermit ausdr\u00fccklich von allen Inhalten aller gelinkten und verkn\u00fcpften Seiten, die nach der Linksetzung ver\u00e4ndert wurden. Diese Feststellung gilt f\u00fcr alle innerhalb des eigenen Internetangebotes gesetzten Links und Verweise sowie f\u00fcr Fremdeintr\u00e4ge in MPRV e.V. eingerichteten G\u00e4steb\u00fcchern, Diskussionsforen und Mailinglisten. F\u00fcr illegale, fehlerhafte oder unvollst\u00e4ndige Inhalte und insbesondere f\u00fcr Sch\u00e4den, die aus der Nutzung oder Nichtnutzung solcherart dargebotener Informationen entstehen, haftet allein der Anbieter der Seite, auf welche verwiesen wurde, nicht derjenige, der \u00fcber Links auf die jeweilige Ver\u00f6ffentlichung lediglich verweist.<br><\/li><li><strong>Urheber- und Kennzeichenrecht<\/strong><br>Alle innerhalb des Internetangebotes genannten und ggf. durch Dritte gesch\u00fctzten Marken- und Warenzeichen unterliegen uneingeschr\u00e4nkt den Bestimmungen des jeweils g\u00fcltigen Kennzeichenrechts und den Besitzrechten der jeweiligen eingetragenen Eigent\u00fcmer. Allein aufgrund der blo\u00dfen Nennung ist nicht der Schluss zu ziehen, dass Markenzeichen nicht durch Rechte Dritter gesch\u00fctzt sind. Das Copyright f\u00fcr ver\u00f6ffentlichte vom MPRV e.V. selbst erstellte Objekte und Internetseiten bleibt allein beim MPRV e.V. Eine Vervielf\u00e4ltigung oder Verwendung solcher Grafiken, Tondokumente, Videosequenzen, Fotos und Texte in anderen elektronischen oder gedruckten Publikationen ist ohne schriftliche Zustimmung vom MPRV e.V. nicht gestattet.<br><\/li><li><strong>Haftungserkl\u00e4rung<\/strong><br>Die Verwendung personenbezogener Daten unterliegt den Bestimmungen des Bundesdatenschutzgesetzes, sowie rechtlicher Regelungen des Tele- und Mediendienstes. Personenbezogene Daten wie Namen, Postanschrift, Bankverbindung oder E-Mail Adresse werden ausschlie\u00dflich zur Beantwortung von Anfragen, zur Zusendung von Informationsmaterial, zur Begleichung von Rechnungen oder zur Belieferung bestellter Produkte und Dienstleistungen genutzt.<br><\/li><li><strong>Sonstiges<\/strong><br>Links von anderen Internet-Angeboten auf diese Homepage oder ihre Unterseiten sind ohne weitere Informationen oder Anfragen erlaubt, sofern sie das Anliegen dieser Homepage unterst\u00fctzen und sie oder eine ihrer Unterseiten im gesamten bisherigen oder einem neuen Browserfenster zeigen. Aufrufe in einem Frame-Teilfenster, die so die verlinkte Seite dieser Website als Teil der fremden Internet-Site erscheinen lassen, sind nicht statthaft. <br><\/li><li><strong>PIWIK<\/strong><br>Diese Webseite benutzt das quelloffene Analysewerkzeug PIWIK (www.piwik.org) um statistische Auswertungen \u00fcber die Nutzung der Webseite zu erzeugen. So haben wir die M\u00f6glichkeit, die Webseiten f\u00fcr Sie zu optimieren und besucherfreundlicher zu gestalten. PIWIK speichert die gesammelten Daten (u.a. Uhrzeit, abgerufene Seite, benutzter Browser, Betriebssystem) in einer Datenbank. Die mit PIWIK erzeugten Auswertungen sind vollst\u00e4ndig anonymisiert und lassen sich nicht zur Identifikation einzelner Personen nutzen. IP-Adressen werden unkenntlich gemacht, bevor sie in die Datenbank gelangen, um den gesetzlichen Bestimmungen gerecht zu werden. Eine Verkn\u00fcpfung der gespeicherten Daten mit anderen Datenquellen oder eine Weitergabe an Dritte findet nicht statt.<\/li><\/ol>\n","protected":false},"excerpt":{"rendered":"<p>Hauptgesch\u00e4ftsstelle M.P.R.V. e. V. Mops-Pekinesen Rasshunde-VerbandAm Pastorenholz 2632584 L\u00f6hne Tel.: 0162 7618966E-Mail: info(at)mprv.de Web: http:\/\/www.mprv.de Gesch\u00e4ftsf\u00fchrer: Vertretung gem\u00e4\u00df Satzung Ulrich Willms (1. Vorsitzender) Inhaltlich verantwortlich gem\u00e4\u00df \u00a7 6 MDStv: Vertretung gem\u00e4\u00df Satzung Ulrich Willms (1. Vorsitzender) Gesch\u00e4ftsf\u00fchrer MPRV-Shop auf dieser Seite: Ulrich Willms (1.Vorsitzender) Vereinsregister Amtsgericht Bad Oeynhausen Bismarckstra\u00dfe 12 32545 Bad Oeynhausen Registernummer 16VR835 [&hellip;]<\/p>\n","protected":false},"author":1,"featured_media":0,"parent":0,"menu_order":0,"comment_status":"closed","ping_status":"closed","template":"","meta":{"footnotes":""},"class_list":["post-29","page","type-page","status-publish","hentry"],"_links":{"self":[{"href":"https:\/\/mprv.de\/index.php?rest_route=\/wp\/v2\/pages\/29","targetHints":{"allow":["GET"]}}],"collection":[{"href":"https:\/\/mprv.de\/index.php?rest_route=\/wp\/v2\/pages"}],"about":[{"href":"https:\/\/mprv.de\/index.php?rest_route=\/wp\/v2\/types\/page"}],"author":[{"embeddable":true,"href":"https:\/\/mprv.de\/index.php?rest_route=\/wp\/v2\/users\/1"}],"replies":[{"embeddable":true,"href":"https:\/\/mprv.de\/index.php?rest_route=%2Fwp%2Fv2%2Fcomments&post=29"}],"version-history":[{"count":10,"href":"https:\/\/mprv.de\/index.php?rest_route=\/wp\/v2\/pages\/29\/revisions"}],"predecessor-version":[{"id":191,"href":"https:\/\/mprv.de\/index.php?rest_route=\/wp\/v2\/pages\/29\/revisions\/191"}],"wp:attachment":[{"href":"https:\/\/mprv.de\/index.php?rest_route=%2Fwp%2Fv2%2Fmedia&parent=29"}],"curies":[{"name":"wp","href":"https:\/\/api.w.org\/{rel}","templated":true}]}}