{"id":54,"date":"2020-12-20T16:45:06","date_gmt":"2020-12-20T15:45:06","guid":{"rendered":"https:\/\/mprv.de\/?page_id=54"},"modified":"2020-12-20T16:45:06","modified_gmt":"2020-12-20T15:45:06","slug":"mitglied-werden-im-mprv","status":"publish","type":"page","link":"https:\/\/mprv.de\/?page_id=54","title":{"rendered":"Mitglied werden im MPRV"},"content":{"rendered":"\n<h2 class=\"wp-block-heading\">Sie m\u00f6chten Mitglied werden im MPRV?<\/h2>\n\n\n\n<p>Hier k\u00f6nnen Sie unsere Aufnahmeantr\u00e4ge herunterladen<\/p>\n\n\n\n<figure class=\"wp-block-table\"><table><tbody><tr><td><a href=\"\/media\/Aufnahmeschein.pdf\" target=\"_blank\" rel=\"noreferrer noopener\">Aufnahmeschein.pdf<\/a><\/td><\/tr><tr><td><a href=\"\/media\/Einzugsermaechtigung.doc\" target=\"_blank\" rel=\"noreferrer noopener\">Einzugsermaechtigung.doc<\/a><\/td><\/tr><\/tbody><\/table><\/figure>\n\n\n\n<p>Wenn Sie beide Formulare heruntergeladen und ausgedruckt haben, schicken Sie bitte beide Formulare ausgef\u00fcllt und ausreichend frankiert an folgende Adresse:<\/p>\n\n\n\n<p>M.P.R.V e.V.<br>Hauptgesch\u00e4ftsstelle<br>Am Pastorenholz 26<br>32584 L\u00f6hne<\/p>\n","protected":false},"excerpt":{"rendered":"<p>Sie m\u00f6chten Mitglied werden im MPRV? Hier k\u00f6nnen Sie unsere Aufnahmeantr\u00e4ge herunterladen Aufnahmeschein.pdf Einzugsermaechtigung.doc Wenn Sie beide Formulare heruntergeladen und ausgedruckt haben, schicken Sie bitte beide Formulare ausgef\u00fcllt und ausreichend frankiert an folgende Adresse: M.P.R.V e.V.Hauptgesch\u00e4ftsstelleAm Pastorenholz 2632584 L\u00f6hne<\/p>\n","protected":false},"author":1,"featured_media":0,"parent":0,"menu_order":0,"comment_status":"closed","ping_status":"closed","template":"","meta":{"footnotes":""},"class_list":["post-54","page","type-page","status-publish","hentry"],"_links":{"self":[{"href":"https:\/\/mprv.de\/index.php?rest_route=\/wp\/v2\/pages\/54","targetHints":{"allow":["GET"]}}],"collection":[{"href":"https:\/\/mprv.de\/index.php?rest_route=\/wp\/v2\/pages"}],"about":[{"href":"https:\/\/mprv.de\/index.php?rest_route=\/wp\/v2\/types\/page"}],"author":[{"embeddable":true,"href":"https:\/\/mprv.de\/index.php?rest_route=\/wp\/v2\/users\/1"}],"replies":[{"embeddable":true,"href":"https:\/\/mprv.de\/index.php?rest_route=%2Fwp%2Fv2%2Fcomments&post=54"}],"version-history":[{"count":1,"href":"https:\/\/mprv.de\/index.php?rest_route=\/wp\/v2\/pages\/54\/revisions"}],"predecessor-version":[{"id":55,"href":"https:\/\/mprv.de\/index.php?rest_route=\/wp\/v2\/pages\/54\/revisions\/55"}],"wp:attachment":[{"href":"https:\/\/mprv.de\/index.php?rest_route=%2Fwp%2Fv2%2Fmedia&parent=54"}],"curies":[{"name":"wp","href":"https:\/\/api.w.org\/{rel}","templated":true}]}}